{"id":45395,"date":"2025-07-28T07:50:40","date_gmt":"2025-07-28T05:50:40","guid":{"rendered":"https:\/\/ahre.be\/property-management-and-co-ownership\/"},"modified":"2025-11-14T12:27:50","modified_gmt":"2025-11-14T11:27:50","slug":"property-management-and-co-ownership","status":"publish","type":"page","link":"https:\/\/ahre.be\/en\/our-real-estate-services\/property-management-and-co-ownership\/","title":{"rendered":"Property Management and Co-ownership"},"content":{"rendered":"\t\t<div data-elementor-type=\"wp-page\" data-elementor-id=\"45395\" class=\"elementor elementor-45395 elementor-34\" data-elementor-post-type=\"page\">\n\t\t\t\t<div class=\"elementor-element elementor-element-729112e2 e-con-full e-flex e-con e-parent\" data-id=\"729112e2\" data-element_type=\"container\" data-e-type=\"container\">\n\t\t<div class=\"elementor-element elementor-element-a12a04e e-con-full e-flex e-con e-child\" data-id=\"a12a04e\" data-element_type=\"container\" data-e-type=\"container\">\n\t\t\t\t<div class=\"elementor-element elementor-element-5e7681b8 elementor-hidden-desktop elementor-widget elementor-widget-image\" data-id=\"5e7681b8\" data-element_type=\"widget\" data-e-type=\"widget\" data-widget_type=\"image.default\">\n\t\t\t\t\t\t\t\t\t\t\t\t\t\t\t<img fetchpriority=\"high\" decoding=\"async\" width=\"800\" height=\"534\" src=\"https:\/\/ahre.be\/wp-content\/uploads\/2025\/11\/20251023_HermannsRealEstate_FE_1001-2-1024x683.webp\" class=\"attachment-large size-large wp-image-47744\" alt=\"20251023 hermannsrealestate fe 1001\" srcset=\"https:\/\/ahre.be\/wp-content\/uploads\/2025\/11\/20251023_HermannsRealEstate_FE_1001-2-1024x683.webp 1024w, https:\/\/ahre.be\/wp-content\/uploads\/2025\/11\/20251023_HermannsRealEstate_FE_1001-2-300x200.webp 300w, https:\/\/ahre.be\/wp-content\/uploads\/2025\/11\/20251023_HermannsRealEstate_FE_1001-2-768x512.webp 768w, https:\/\/ahre.be\/wp-content\/uploads\/2025\/11\/20251023_HermannsRealEstate_FE_1001-2-1536x1024.webp 1536w, https:\/\/ahre.be\/wp-content\/uploads\/2025\/11\/20251023_HermannsRealEstate_FE_1001-2-2048x1365.webp 2048w\" sizes=\"(max-width: 800px) 100vw, 800px\" \/>\t\t\t\t\t\t\t\t\t\t\t\t\t\t\t<\/div>\n\t\t\t\t<div class=\"elementor-element elementor-element-1566a5ce elementor-widget elementor-widget-heading\" data-id=\"1566a5ce\" data-element_type=\"widget\" data-e-type=\"widget\" data-widget_type=\"heading.default\">\n\t\t\t\t\t<p class=\"elementor-heading-title elementor-size-default\">Regardless of your co-ownership's size, we guarantee premium service and are attentive to your needs. <\/p>\t\t\t\t<\/div>\n\t\t\t\t<div class=\"elementor-element elementor-element-374a699 elementor-widget elementor-widget-button\" data-id=\"374a699\" data-element_type=\"widget\" data-e-type=\"widget\" data-widget_type=\"button.default\">\n\t\t\t\t\t\t\t\t\t\t<a class=\"elementor-button elementor-button-link elementor-size-sm\" href=\"https:\/\/ahre.be\/en\/contact\/\">\n\t\t\t\t\t\t<span class=\"elementor-button-content-wrapper\">\n\t\t\t\t\t\t\t\t\t<span class=\"elementor-button-text\">Contact us<\/span>\n\t\t\t\t\t<\/span>\n\t\t\t\t\t<\/a>\n\t\t\t\t\t\t\t\t<\/div>\n\t\t\t\t<\/div>\n\t\t<div class=\"elementor-element elementor-element-11362b1d e-con-full elementor-hidden-tablet elementor-hidden-mobile e-flex e-con e-child\" data-id=\"11362b1d\" data-element_type=\"container\" data-e-type=\"container\" data-settings=\"{&quot;background_background&quot;:&quot;classic&quot;}\">\n\t\t\t\t<div class=\"elementor-element elementor-element-1c1a0f4f elementor--h-position-center elementor--v-position-middle elementor-widget elementor-widget-slides\" data-id=\"1c1a0f4f\" data-element_type=\"widget\" data-e-type=\"widget\" id=\"top-center\" data-settings=\"{&quot;navigation&quot;:&quot;none&quot;,&quot;transition&quot;:&quot;fade&quot;,&quot;autoplay&quot;:&quot;yes&quot;,&quot;autoplay_speed&quot;:5000,&quot;infinite&quot;:&quot;yes&quot;,&quot;transition_speed&quot;:500}\" data-widget_type=\"slides.default\">\n\t\t\t\t\t\t\t\t\t\t<div class=\"elementor-slides-wrapper elementor-main-swiper swiper\" role=\"region\" aria-roledescription=\"carousel\" aria-label=\"Diapositives\" dir=\"ltr\" data-animation=\"\">\n\t\t\t\t<div class=\"swiper-wrapper elementor-slides\">\n\t\t\t\t\t\t\t\t\t\t<div class=\"elementor-repeater-item-050147c swiper-slide\" role=\"group\" aria-roledescription=\"slide\"><div class=\"swiper-slide-bg\" role=\"img\" aria-label=\"20251023 hermannsrealestate fe 1001\"><\/div><div class=\"swiper-slide-inner\" ><div class=\"swiper-slide-contents\"><\/div><\/div><\/div>\t\t\t\t<\/div>\n\t\t\t\t\t\t\t<\/div>\n\t\t\t\t\t\t\t\t<\/div>\n\t\t\t\t<\/div>\n\t\t\t\t<\/div>\n\t\t<div class=\"elementor-element elementor-element-0705884 e-flex e-con-boxed e-con e-parent\" data-id=\"0705884\" data-element_type=\"container\" data-e-type=\"container\" data-settings=\"{&quot;background_background&quot;:&quot;classic&quot;}\">\n\t\t\t\t\t<div class=\"e-con-inner\">\n\t\t<div class=\"elementor-element elementor-element-cd63825 e-con-full e-flex e-con e-child\" data-id=\"cd63825\" data-element_type=\"container\" data-e-type=\"container\">\n\t\t\t\t<div class=\"elementor-element elementor-element-1048436 elementor-widget elementor-widget-text-editor\" data-id=\"1048436\" data-element_type=\"widget\" data-e-type=\"widget\" data-widget_type=\"text-editor.default\">\n\t\t\t\t\t\t\t\t\t<p>Our specialized team undergoes continuous training, providing you with advice tailored to the evolving legislation of the sector. Our expertise includes the maintenance and daily management of your building, ensuring a pleasant living environment for its co-owners and tenants. <\/p>\t\t\t\t\t\t\t\t<\/div>\n\t\t\t\t<\/div>\n\t\t<div class=\"elementor-element elementor-element-65ebb36 e-con-full e-flex e-con e-child\" data-id=\"65ebb36\" data-element_type=\"container\" data-e-type=\"container\" data-settings=\"{&quot;background_background&quot;:&quot;classic&quot;}\">\n\t\t<div class=\"elementor-element elementor-element-4b91bf5 e-con-full e-flex e-con e-child\" data-id=\"4b91bf5\" data-element_type=\"container\" data-e-type=\"container\" data-settings=\"{&quot;background_background&quot;:&quot;classic&quot;}\">\n\t\t\t\t<div class=\"elementor-element elementor-element-5fb3224 elementor-icon-list--layout-traditional elementor-list-item-link-full_width elementor-widget elementor-widget-icon-list\" data-id=\"5fb3224\" data-element_type=\"widget\" data-e-type=\"widget\" data-widget_type=\"icon-list.default\">\n\t\t\t\t\t\t\t<ul class=\"elementor-icon-list-items\">\n\t\t\t\t\t\t\t<li class=\"elementor-icon-list-item\">\n\t\t\t\t\t\t\t\t\t\t\t<span class=\"elementor-icon-list-icon\">\n\t\t\t\t\t\t\t<svg aria-hidden=\"true\" class=\"e-font-icon-svg e-fas-check\" viewBox=\"0 0 512 512\" xmlns=\"http:\/\/www.w3.org\/2000\/svg\"><path d=\"M173.898 439.404l-166.4-166.4c-9.997-9.997-9.997-26.206 0-36.204l36.203-36.204c9.997-9.998 26.207-9.998 36.204 0L192 312.69 432.095 72.596c9.997-9.997 26.207-9.997 36.204 0l36.203 36.204c9.997 9.997 9.997 26.206 0 36.204l-294.4 294.401c-9.998 9.997-26.207 9.997-36.204-.001z\"><\/path><\/svg>\t\t\t\t\t\t<\/span>\n\t\t\t\t\t\t\t\t\t\t<span class=\"elementor-icon-list-text\">Tailored Advice<\/span>\n\t\t\t\t\t\t\t\t\t<\/li>\n\t\t\t\t\t\t\t\t<li class=\"elementor-icon-list-item\">\n\t\t\t\t\t\t\t\t\t\t\t<span class=\"elementor-icon-list-icon\">\n\t\t\t\t\t\t\t<svg aria-hidden=\"true\" class=\"e-font-icon-svg e-fas-check\" viewBox=\"0 0 512 512\" xmlns=\"http:\/\/www.w3.org\/2000\/svg\"><path d=\"M173.898 439.404l-166.4-166.4c-9.997-9.997-9.997-26.206 0-36.204l36.203-36.204c9.997-9.998 26.207-9.998 36.204 0L192 312.69 432.095 72.596c9.997-9.997 26.207-9.997 36.204 0l36.203 36.204c9.997 9.997 9.997 26.206 0 36.204l-294.4 294.401c-9.998 9.997-26.207 9.997-36.204-.001z\"><\/path><\/svg>\t\t\t\t\t\t<\/span>\n\t\t\t\t\t\t\t\t\t\t<span class=\"elementor-icon-list-text\">Personalized Support<\/span>\n\t\t\t\t\t\t\t\t\t<\/li>\n\t\t\t\t\t\t\t\t<li class=\"elementor-icon-list-item\">\n\t\t\t\t\t\t\t\t\t\t\t<span class=\"elementor-icon-list-icon\">\n\t\t\t\t\t\t\t<svg aria-hidden=\"true\" class=\"e-font-icon-svg e-fas-check\" viewBox=\"0 0 512 512\" xmlns=\"http:\/\/www.w3.org\/2000\/svg\"><path d=\"M173.898 439.404l-166.4-166.4c-9.997-9.997-9.997-26.206 0-36.204l36.203-36.204c9.997-9.998 26.207-9.998 36.204 0L192 312.69 432.095 72.596c9.997-9.997 26.207-9.997 36.204 0l36.203 36.204c9.997 9.997 9.997 26.206 0 36.204l-294.4 294.401c-9.998 9.997-26.207 9.997-36.204-.001z\"><\/path><\/svg>\t\t\t\t\t\t<\/span>\n\t\t\t\t\t\t\t\t\t\t<span class=\"elementor-icon-list-text\">Time Savings and Peace of Mind<\/span>\n\t\t\t\t\t\t\t\t\t<\/li>\n\t\t\t\t\t\t<\/ul>\n\t\t\t\t\t\t<\/div>\n\t\t\t\t<\/div>\n\t\t\t\t<\/div>\n\t\t\t\t\t<\/div>\n\t\t\t\t<\/div>\n\t\t<div class=\"elementor-element elementor-element-2b1724ba e-flex e-con-boxed e-con e-parent\" data-id=\"2b1724ba\" data-element_type=\"container\" data-e-type=\"container\" data-settings=\"{&quot;background_background&quot;:&quot;classic&quot;}\">\n\t\t\t\t\t<div class=\"e-con-inner\">\n\t\t<div class=\"elementor-element elementor-element-2c8c3e14 e-con-full e-flex e-con e-child\" data-id=\"2c8c3e14\" data-element_type=\"container\" data-e-type=\"container\">\n\t\t\t\t<div class=\"elementor-element elementor-element-710f8983 elementor-invisible elementor-widget elementor-widget-image\" data-id=\"710f8983\" data-element_type=\"widget\" data-e-type=\"widget\" data-settings=\"{&quot;_animation&quot;:&quot;fadeIn&quot;,&quot;_animation_delay&quot;:200}\" data-widget_type=\"image.default\">\n\t\t\t\t\t\t\t\t\t\t\t\t\t\t\t<img decoding=\"async\" src=\"https:\/\/ahre.be\/wp-content\/uploads\/2025\/10\/whise-7228519-29-73252606.jpg\" title=\"\" alt=\"Image propri\u00e9t\u00e9 7228519\" loading=\"lazy\" \/>\t\t\t\t\t\t\t\t\t\t\t\t\t\t\t<\/div>\n\t\t\t\t<\/div>\n\t\t<div class=\"elementor-element elementor-element-e470a1f e-con-full elementor-hidden-mobile e-flex e-con e-child\" data-id=\"e470a1f\" data-element_type=\"container\" data-e-type=\"container\">\n\t\t\t\t<div class=\"elementor-element elementor-element-6cb2c973 elementor-invisible elementor-widget elementor-widget-image\" data-id=\"6cb2c973\" data-element_type=\"widget\" data-e-type=\"widget\" data-settings=\"{&quot;_animation&quot;:&quot;fadeIn&quot;,&quot;_animation_delay&quot;:400}\" data-widget_type=\"image.default\">\n\t\t\t\t\t\t\t\t\t\t\t\t\t\t\t<img decoding=\"async\" width=\"800\" height=\"534\" src=\"https:\/\/ahre.be\/wp-content\/uploads\/2025\/11\/20251023_HermannsRealEstate_FE_1008-2-1024x683.webp\" class=\"attachment-large size-large wp-image-47740\" alt=\"20251023 hermannsrealestate fe 1008\" srcset=\"https:\/\/ahre.be\/wp-content\/uploads\/2025\/11\/20251023_HermannsRealEstate_FE_1008-2-1024x683.webp 1024w, https:\/\/ahre.be\/wp-content\/uploads\/2025\/11\/20251023_HermannsRealEstate_FE_1008-2-300x200.webp 300w, https:\/\/ahre.be\/wp-content\/uploads\/2025\/11\/20251023_HermannsRealEstate_FE_1008-2-768x512.webp 768w, https:\/\/ahre.be\/wp-content\/uploads\/2025\/11\/20251023_HermannsRealEstate_FE_1008-2-1536x1024.webp 1536w, https:\/\/ahre.be\/wp-content\/uploads\/2025\/11\/20251023_HermannsRealEstate_FE_1008-2-2048x1365.webp 2048w\" sizes=\"(max-width: 800px) 100vw, 800px\" \/>\t\t\t\t\t\t\t\t\t\t\t\t\t\t\t<\/div>\n\t\t\t\t<div class=\"elementor-element elementor-element-4ebfc9c9 elementor-invisible elementor-widget elementor-widget-image\" data-id=\"4ebfc9c9\" data-element_type=\"widget\" data-e-type=\"widget\" data-settings=\"{&quot;_animation&quot;:&quot;fadeIn&quot;,&quot;_animation_delay&quot;:600}\" data-widget_type=\"image.default\">\n\t\t\t\t\t\t\t\t\t\t\t\t\t\t\t<img fetchpriority=\"high\" decoding=\"async\" width=\"800\" height=\"534\" src=\"https:\/\/ahre.be\/wp-content\/uploads\/2025\/11\/20251023_HermannsRealEstate_FE_1001-2-1024x683.webp\" class=\"attachment-large size-large wp-image-47744\" alt=\"20251023 hermannsrealestate fe 1001\" srcset=\"https:\/\/ahre.be\/wp-content\/uploads\/2025\/11\/20251023_HermannsRealEstate_FE_1001-2-1024x683.webp 1024w, https:\/\/ahre.be\/wp-content\/uploads\/2025\/11\/20251023_HermannsRealEstate_FE_1001-2-300x200.webp 300w, https:\/\/ahre.be\/wp-content\/uploads\/2025\/11\/20251023_HermannsRealEstate_FE_1001-2-768x512.webp 768w, https:\/\/ahre.be\/wp-content\/uploads\/2025\/11\/20251023_HermannsRealEstate_FE_1001-2-1536x1024.webp 1536w, https:\/\/ahre.be\/wp-content\/uploads\/2025\/11\/20251023_HermannsRealEstate_FE_1001-2-2048x1365.webp 2048w\" sizes=\"(max-width: 800px) 100vw, 800px\" \/>\t\t\t\t\t\t\t\t\t\t\t\t\t\t\t<\/div>\n\t\t\t\t<\/div>\n\t\t<div class=\"elementor-element elementor-element-2c20b463 e-con-full e-flex e-con e-child\" data-id=\"2c20b463\" data-element_type=\"container\" data-e-type=\"container\">\n\t\t\t\t<div class=\"elementor-element elementor-element-7f1038ee elementor-widget elementor-widget-heading\" data-id=\"7f1038ee\" data-element_type=\"widget\" data-e-type=\"widget\" data-widget_type=\"heading.default\">\n\t\t\t\t\t<h2 class=\"elementor-heading-title elementor-size-default\">Manage Your Co-ownership Simply, Every Day<\/h2>\t\t\t\t<\/div>\n\t\t\t\t<div class=\"elementor-element elementor-element-48a26b13 elementor-widget elementor-widget-text-editor\" data-id=\"48a26b13\" data-element_type=\"widget\" data-e-type=\"widget\" data-widget_type=\"text-editor.default\">\n\t\t\t\t\t\t\t\t\t<p>Being a property manager involves more than just handling paperwork and accounts. At Hermanns Real Estate, we serve as the link between co-owners, suppliers, and legal requirements. Specifically, we ensure your building&#8217;s sound financial health, daily maintenance, and adherence to legal regulations. Our consistent priority is to make co-ownership life simpler and more peaceful.   <\/p>\t\t\t\t\t\t\t\t<\/div>\n\t\t\t\t<\/div>\n\t\t\t\t\t<\/div>\n\t\t\t\t<\/div>\n\t\t<div class=\"elementor-element elementor-element-3d1f863 e-flex e-con-boxed e-con e-parent\" data-id=\"3d1f863\" data-element_type=\"container\" data-e-type=\"container\">\n\t\t\t\t\t<div class=\"e-con-inner\">\n\t\t\t\t<div class=\"elementor-element elementor-element-9cb925b elementor-widget elementor-widget-heading\" data-id=\"9cb925b\" data-element_type=\"widget\" data-e-type=\"widget\" data-widget_type=\"heading.default\">\n\t\t\t\t\t<h2 class=\"elementor-heading-title elementor-size-default\">Our Property Management Services<\/h2>\t\t\t\t<\/div>\n\t\t\t\t\t<\/div>\n\t\t\t\t<\/div>\n\t\t<div class=\"elementor-element elementor-element-a01654c e-flex e-con-boxed e-con e-parent\" data-id=\"a01654c\" data-element_type=\"container\" data-e-type=\"container\">\n\t\t\t\t\t<div class=\"e-con-inner\">\n\t\t<div class=\"elementor-element elementor-element-68504e2 e-con-full e-flex e-con e-child\" data-id=\"68504e2\" data-element_type=\"container\" data-e-type=\"container\" data-settings=\"{&quot;background_background&quot;:&quot;classic&quot;}\">\n\t\t\t\t<div class=\"elementor-element elementor-element-412bffe elementor-widget elementor-widget-heading\" data-id=\"412bffe\" data-element_type=\"widget\" data-e-type=\"widget\" data-widget_type=\"heading.default\">\n\t\t\t\t\t<h3 class=\"elementor-heading-title elementor-size-default\">Administrative Management<\/h3>\t\t\t\t<\/div>\n\t\t\t\t<div class=\"elementor-element elementor-element-2329cb7 elementor-widget elementor-widget-text-editor\" data-id=\"2329cb7\" data-element_type=\"widget\" data-e-type=\"widget\" data-widget_type=\"text-editor.default\">\n\t\t\t\t\t\t\t\t\t<p><strong>Organization of General Meetings<\/strong> <br>We handle the convening, agenda preparation, and drafting of minutes. Every voted decision is rigorously followed up and implemented. <\/p><p><strong>Smooth Communication with Co-owners<br><\/strong>We centralize requests, ensure clear and prompt information, and manage claims transparently to prevent tensions and misunderstandings.<\/p>\t\t\t\t\t\t\t\t<\/div>\n\t\t\t\t<\/div>\n\t\t<div class=\"elementor-element elementor-element-c341d4f e-con-full e-flex e-con e-child\" data-id=\"c341d4f\" data-element_type=\"container\" data-e-type=\"container\" data-settings=\"{&quot;background_background&quot;:&quot;classic&quot;}\">\n\t\t\t\t<div class=\"elementor-element elementor-element-144daee elementor-widget elementor-widget-heading\" data-id=\"144daee\" data-element_type=\"widget\" data-e-type=\"widget\" data-widget_type=\"heading.default\">\n\t\t\t\t\t<h3 class=\"elementor-heading-title elementor-size-default\">Financial Management<\/h3>\t\t\t\t<\/div>\n\t\t\t\t<div class=\"elementor-element elementor-element-d0caf30 elementor-widget elementor-widget-text-editor\" data-id=\"d0caf30\" data-element_type=\"widget\" data-e-type=\"widget\" data-widget_type=\"text-editor.default\">\n\t\t\t\t\t\t\t\t\t<p><strong>Transparent Budgets and Accounts<\/strong> <br>We prepare the provisional budget, monitor expenses, and present detailed accounts with full transparency. Each co-owner has a clear view of the building&#8217;s financial situation. <\/p><p><strong>Fund Calls and Secure Payments<br><\/strong>We manage calls for provisions, ensure the proper distribution of charges, and make payments to suppliers. Through consistent rigor, the co-ownership remains financially sound and balanced. <\/p>\t\t\t\t\t\t\t\t<\/div>\n\t\t\t\t<\/div>\n\t\t<div class=\"elementor-element elementor-element-f7e1c75 e-con-full e-flex e-con e-child\" data-id=\"f7e1c75\" data-element_type=\"container\" data-e-type=\"container\" data-settings=\"{&quot;background_background&quot;:&quot;classic&quot;}\">\n\t\t\t\t<div class=\"elementor-element elementor-element-4b40c6b elementor-widget elementor-widget-heading\" data-id=\"4b40c6b\" data-element_type=\"widget\" data-e-type=\"widget\" data-widget_type=\"heading.default\">\n\t\t\t\t\t<h3 class=\"elementor-heading-title elementor-size-default\">Technical Management and Maintenance<\/h3>\t\t\t\t<\/div>\n\t\t\t\t<div class=\"elementor-element elementor-element-f80899d elementor-widget elementor-widget-text-editor\" data-id=\"f80899d\" data-element_type=\"widget\" data-e-type=\"widget\" data-widget_type=\"text-editor.default\">\n\t\t\t\t\t\t\t\t\t<p><strong>Monitoring of Works and Repairs<\/strong> <br>We coordinate service providers, from minor repairs to major projects, and ensure that decisions made at General Meetings are executed on time and according to best practices.<\/p><p><strong>Regular Maintenance of Common Areas<\/strong> <br>We ensure the cleanliness, safety, and proper functioning of collective equipment (elevators, boiler rooms, lighting, etc.) to guarantee the daily comfort of co-owners. Our teams also supervise the legal and technical obligations related to the building, to ensure a compliant and protected co-ownership. <\/p>\t\t\t\t\t\t\t\t<\/div>\n\t\t\t\t<\/div>\n\t\t<div class=\"elementor-element elementor-element-3991601 e-con-full e-flex e-con e-child\" data-id=\"3991601\" data-element_type=\"container\" data-e-type=\"container\" data-settings=\"{&quot;background_background&quot;:&quot;classic&quot;}\">\n\t\t\t\t<div class=\"elementor-element elementor-element-edc5540 elementor-widget elementor-widget-heading\" data-id=\"edc5540\" data-element_type=\"widget\" data-e-type=\"widget\" data-widget_type=\"heading.default\">\n\t\t\t\t\t<h3 class=\"elementor-heading-title elementor-size-default\">Legal Compliance<\/h3>\t\t\t\t<\/div>\n\t\t\t\t<div class=\"elementor-element elementor-element-c3bbcd0 elementor-widget elementor-widget-text-editor\" data-id=\"c3bbcd0\" data-element_type=\"widget\" data-e-type=\"widget\" data-widget_type=\"text-editor.default\">\n\t\t\t\t\t\t\t\t\t<p><strong>Compliance of Installations<br><\/strong>We closely monitor mandatory inspections (elevators, fire safety, electricity, collective boilers) and coordinate the necessary steps to ensure the building&#8217;s safety and compliance.<\/p><p><strong>Legal and Administrative Monitoring<\/strong> <br>Thanks to continuously updated expertise, we anticipate legal developments and advise you on the implications for your co-ownership.<\/p>\t\t\t\t\t\t\t\t<\/div>\n\t\t\t\t<\/div>\n\t\t\t\t\t<\/div>\n\t\t\t\t<\/div>\n\t\t<div class=\"elementor-element elementor-element-9e8b639 e-flex e-con-boxed e-con e-parent\" data-id=\"9e8b639\" data-element_type=\"container\" data-e-type=\"container\" data-settings=\"{&quot;background_background&quot;:&quot;classic&quot;}\">\n\t\t\t\t\t<div class=\"e-con-inner\">\n\t\t<div class=\"elementor-element elementor-element-6328d1d6 e-con-full e-flex e-con e-child\" data-id=\"6328d1d6\" data-element_type=\"container\" data-e-type=\"container\">\n\t\t<div class=\"elementor-element elementor-element-2a27cbae e-con-full e-flex e-con e-child\" data-id=\"2a27cbae\" data-element_type=\"container\" data-e-type=\"container\">\n\t\t\t\t<div class=\"elementor-element elementor-element-7395bafe elementor-widget elementor-widget-heading\" data-id=\"7395bafe\" data-element_type=\"widget\" data-e-type=\"widget\" data-widget_type=\"heading.default\">\n\t\t\t\t\t<h4 class=\"elementor-heading-title elementor-size-default\">Our clients trust us<\/h4>\t\t\t\t<\/div>\n\t\t\t\t<div class=\"elementor-element elementor-element-4671d4a1 elementor-widget elementor-widget-heading\" data-id=\"4671d4a1\" data-element_type=\"widget\" data-e-type=\"widget\" data-widget_type=\"heading.default\">\n\t\t\t\t\t<h2 class=\"elementor-heading-title elementor-size-default\">We managed their real estate project<\/h2>\t\t\t\t<\/div>\n\t\t\t\t<\/div>\n\t\t<div class=\"elementor-element elementor-element-4b7715e2 e-con-full e-flex e-con e-child\" data-id=\"4b7715e2\" data-element_type=\"container\" data-e-type=\"container\">\n\t\t\t\t<div class=\"elementor-element elementor-element-4d05c78c elementor-widget elementor-widget-html\" data-id=\"4d05c78c\" data-element_type=\"widget\" data-e-type=\"widget\" data-widget_type=\"html.default\">\n\t\t\t\t\t<script defer async src='https:\/\/cdn.trustindex.io\/loader.js?67b8f2238916130c1a16fc162c5'><\/script>\t\t\t\t<\/div>\n\t\t\t\t<\/div>\n\t\t\t\t<\/div>\n\t\t\t\t\t<\/div>\n\t\t\t\t<\/div>\n\t\t<div class=\"elementor-element elementor-element-6e18cd50 e-con-full e-flex e-con e-parent\" data-id=\"6e18cd50\" data-element_type=\"container\" data-e-type=\"container\" data-settings=\"{&quot;background_background&quot;:&quot;classic&quot;,&quot;background_motion_fx_motion_fx_scrolling&quot;:&quot;yes&quot;,&quot;background_motion_fx_translateY_effect&quot;:&quot;yes&quot;,&quot;background_motion_fx_translateY_speed&quot;:{&quot;unit&quot;:&quot;px&quot;,&quot;size&quot;:4,&quot;sizes&quot;:[]},&quot;background_motion_fx_translateY_affectedRange&quot;:{&quot;unit&quot;:&quot;%&quot;,&quot;size&quot;:&quot;&quot;,&quot;sizes&quot;:{&quot;start&quot;:0,&quot;end&quot;:100}},&quot;background_motion_fx_devices&quot;:[&quot;desktop&quot;,&quot;tablet&quot;,&quot;mobile&quot;]}\">\n\t\t<div class=\"elementor-element elementor-element-3a7054af e-flex e-con-boxed e-con e-child\" data-id=\"3a7054af\" data-element_type=\"container\" data-e-type=\"container\">\n\t\t\t\t\t<div class=\"e-con-inner\">\n\t\t<div class=\"elementor-element elementor-element-49faa44f e-con-full e-flex e-con e-child\" data-id=\"49faa44f\" data-element_type=\"container\" data-e-type=\"container\" data-settings=\"{&quot;background_background&quot;:&quot;classic&quot;}\">\n\t\t\t\t<div class=\"elementor-element elementor-element-6b7ee399 elementor-widget elementor-widget-heading\" data-id=\"6b7ee399\" data-element_type=\"widget\" data-e-type=\"widget\" data-widget_type=\"heading.default\">\n\t\t\t\t\t<h2 class=\"elementor-heading-title elementor-size-default\">Get a Free Valuation for Your Property<\/h2>\t\t\t\t<\/div>\n\t\t\t\t<div class=\"elementor-element elementor-element-4e40652b elementor-widget elementor-widget-text-editor\" data-id=\"4e40652b\" data-element_type=\"widget\" data-e-type=\"widget\" data-widget_type=\"text-editor.default\">\n\t\t\t\t\t\t\t\t\t<p>Have your property valued for free by a real estate professional. Quick and without obligation, your property&#8217;s valuation is the first step in your project! <\/p>\t\t\t\t\t\t\t\t<\/div>\n\t\t\t\t<div class=\"elementor-element elementor-element-1fca7d59 elementor-widget elementor-widget-button\" data-id=\"1fca7d59\" data-element_type=\"widget\" data-e-type=\"widget\" data-widget_type=\"button.default\">\n\t\t\t\t\t\t\t\t\t\t<a class=\"elementor-button elementor-button-link elementor-size-sm\" href=\"https:\/\/ahre.be\/en\/online-valuation\/\">\n\t\t\t\t\t\t<span class=\"elementor-button-content-wrapper\">\n\t\t\t\t\t\t\t\t\t<span class=\"elementor-button-text\">Request a property valuation<\/span>\n\t\t\t\t\t<\/span>\n\t\t\t\t\t<\/a>\n\t\t\t\t\t\t\t\t<\/div>\n\t\t\t\t<\/div>\n\t\t\t\t\t<\/div>\n\t\t\t\t<\/div>\n\t\t\t\t<div class=\"elementor-element elementor-element-538a4df6 elementor-absolute elementor-widget elementor-widget-image\" data-id=\"538a4df6\" data-element_type=\"widget\" data-e-type=\"widget\" data-settings=\"{&quot;_position&quot;:&quot;absolute&quot;}\" data-widget_type=\"image.default\">\n\t\t\t\t\t\t\t\t\t\t\t\t\t\t\t<img alt=\"\" decoding=\"async\" width=\"245\" height=\"155\" src=\"https:\/\/ahre.be\/wp-content\/uploads\/2025\/07\/shape-dots.png\" class=\"attachment-large size-large wp-image-45361\" alt=\"\" \/>\t\t\t\t\t\t\t\t\t\t\t\t\t\t\t<\/div>\n\t\t<div class=\"elementor-element elementor-element-262e1978 e-con-full e-flex e-con e-child\" data-id=\"262e1978\" data-element_type=\"container\" data-e-type=\"container\" data-settings=\"{&quot;position&quot;:&quot;absolute&quot;}\">\n\t\t<div class=\"elementor-element elementor-element-ad86007 e-con-full e-flex e-con e-child\" data-id=\"ad86007\" data-element_type=\"container\" data-e-type=\"container\">\n\t\t\t\t<\/div>\n\t\t\t\t<\/div>\n\t\t\t\t<\/div>\n\t\t\t\t<\/div>\n\t\t","protected":false},"excerpt":{"rendered":"<p>Regardless of your co-ownership&#8217;s size, we guarantee premium service and are attentive to your needs. Contact us Our specialized team undergoes continuous training, providing you with advice tailored to the evolving legislation of the sector. Our expertise includes the maintenance and daily management of your building, ensuring a pleasant living environment for its co-owners and [&hellip;]<\/p>\n","protected":false},"author":5,"featured_media":0,"parent":45426,"menu_order":0,"comment_status":"closed","ping_status":"closed","template":"","meta":{"_acf_changed":false,"_seopress_robots_primary_cat":"","_seopress_titles_title":"Syndic et copropri\u00e9t\u00e9 \u00e0 Bruxelles| Hermanns Real Estate","_seopress_titles_desc":"Confiez-nous la gestion de votre copropri\u00e9t\u00e9 \u00e0 Bruxelles. Hermanns Real Estate prend en charge tous les aspects administratifs, op\u00e9rationnels et juridiques li\u00e9s au syndic et \u00e0 la copropri\u00e9t\u00e9 de votre immeuble.","_seopress_robots_index":"","footnotes":""},"class_list":["post-45395","page","type-page","status-publish","hentry"],"acf":[],"_links":{"self":[{"href":"https:\/\/ahre.be\/en\/wp-json\/wp\/v2\/pages\/45395","targetHints":{"allow":["GET"]}}],"collection":[{"href":"https:\/\/ahre.be\/en\/wp-json\/wp\/v2\/pages"}],"about":[{"href":"https:\/\/ahre.be\/en\/wp-json\/wp\/v2\/types\/page"}],"author":[{"embeddable":true,"href":"https:\/\/ahre.be\/en\/wp-json\/wp\/v2\/users\/5"}],"replies":[{"embeddable":true,"href":"https:\/\/ahre.be\/en\/wp-json\/wp\/v2\/comments?post=45395"}],"version-history":[{"count":12,"href":"https:\/\/ahre.be\/en\/wp-json\/wp\/v2\/pages\/45395\/revisions"}],"predecessor-version":[{"id":47872,"href":"https:\/\/ahre.be\/en\/wp-json\/wp\/v2\/pages\/45395\/revisions\/47872"}],"up":[{"embeddable":true,"href":"https:\/\/ahre.be\/en\/wp-json\/wp\/v2\/pages\/45426"}],"wp:attachment":[{"href":"https:\/\/ahre.be\/en\/wp-json\/wp\/v2\/media?parent=45395"}],"curies":[{"name":"wp","href":"https:\/\/api.w.org\/{rel}","templated":true}]}}